{"id":9,"date":"2021-02-17T17:56:24","date_gmt":"2021-02-17T15:56:24","guid":{"rendered":"https:\/\/associationexperience.wordpress.com\/?page_id=9"},"modified":"2024-11-05T14:39:09","modified_gmt":"2024-11-05T14:39:09","slug":"about","status":"publish","type":"page","link":"https:\/\/l-experience-association.ch\/","title":{"rendered":"Accueil"},"content":{"rendered":"\n<div class=\"wp-block-group alignfull\"><div class=\"wp-block-group__inner-container is-layout-flow wp-block-group-is-layout-flow\">\n<div class=\"wp-block-jetpack-layout-grid alignfull column1-desktop-grid__span-3 column1-desktop-grid__start-2 column1-desktop-grid__row-1 column2-desktop-grid__span-6 column2-desktop-grid__start-6 column2-desktop-grid__row-1 column1-tablet-grid__span-3 column1-tablet-grid__row-1 column2-tablet-grid__span-5 column2-tablet-grid__start-4 column2-tablet-grid__row-1 column1-mobile-grid__span-4 column1-mobile-grid__row-1 column2-mobile-grid__span-4 column2-mobile-grid__row-2\">\n<div class=\"wp-block-jetpack-layout-grid-column wp-block-jetpack-layout-grid__padding-none\">\n<figure class=\"wp-block-image size-large is-style-circle-mask\"><img loading=\"lazy\" decoding=\"async\" width=\"975\" height=\"1300\" src=\"https:\/\/l-experience-association.ch\/wp-content\/uploads\/2021\/03\/pexels-photo-5756481.jpeg\" alt=\"\" class=\"wp-image-157\" srcset=\"https:\/\/l-experience-association.ch\/wp-content\/uploads\/2021\/03\/pexels-photo-5756481.jpeg 975w, https:\/\/l-experience-association.ch\/wp-content\/uploads\/2021\/03\/pexels-photo-5756481-225x300.jpeg 225w, https:\/\/l-experience-association.ch\/wp-content\/uploads\/2021\/03\/pexels-photo-5756481-768x1024.jpeg 768w\" sizes=\"auto, (max-width: 975px) 100vw, 975px\" \/><\/figure>\n<\/div>\n\n\n\n<div class=\"wp-block-jetpack-layout-grid-column wp-block-jetpack-layout-grid__padding-none\">\n<h3 class=\"wp-block-heading\">Bienvenue sur le site de l&rsquo;Exp\u00e9rience<\/h3>\n\n\n\n<p><\/p>\n\n\n\n<p>Cr\u00e9\u00e9e en 1999, l&rsquo;association l&rsquo;Exp\u00e9rience est autog\u00e9r\u00e9e par ses membres actifs, des personnes souffrant ou ayant souffert de troubles psychiques et des amis. Elle est un lieu d\u2019exp\u00e9rimentation, de rencontres, d&rsquo;entraide, de r\u00e9flexion et d&rsquo;activit\u00e9s d&rsquo;ateliers tels que le dessin, la peinture, la gravure, la sculpture, le vitrail, les jeux, etc. Des activit\u00e9s de caf\u00e9-bistrot et la cuisine sont aussi possibles. Une des orientations principales des activit\u00e9s de l&rsquo;association est la participation au processus de r\u00e9tablissement psychique.<\/p>\n\n\n\n<p>Le projet de l&rsquo;Exp\u00e9rience est de favoriser l&rsquo;expression de ses membres dans leur dimension artistique, sociale et culturelle. Les activit\u00e9s s&rsquo;organisent sous la forme autog\u00e9r\u00e9e sans la pr\u00e9sence de personnel socio-professionnel salari\u00e9 ou b\u00e9n\u00e9vole. Chaque membre s&rsquo;occupe de son propre projet, \u00e0 moins de participer \u00e0 une activit\u00e9 d\u00e9j\u00e0 existante propos\u00e9e par l&rsquo;un ou l&rsquo;autre des membres actifs. La participation aux activit\u00e9s demande une certaine volont\u00e9 d&rsquo;autonomie dans l&rsquo;\u00e9laboration de son projet personnel. Les d\u00e9cisions associatives de prennent ensemble durant les r\u00e9unions et la gestion des projets individuels ou pluridisciplinaires s&rsquo;apparente \u00e0 celle d&rsquo;un collectif.<br><br>Et en r\u00e9union hebdomadaire, chaque membre actif peut participer librement \u00e0 la gestion de l&rsquo;ensemble de l&rsquo;association, y compris ce qui concerne les besoins mat\u00e9riels li\u00e9s \u00e0 son propre projet en atelier.<br><br>Rejoignez-nous !<\/p>\n<\/div>\n<\/div>\n<\/div><\/div>\n","protected":false},"excerpt":{"rendered":"<p>Bienvenue sur le site de l&rsquo;Exp\u00e9rience Cr\u00e9\u00e9e en 1999, l&rsquo;association l&rsquo;Exp\u00e9rience est autog\u00e9r\u00e9e par ses membres actifs, des personnes souffrant ou ayant souffert de troubles psychiques et des amis. Elle est un lieu d\u2019exp\u00e9rimentation, de rencontres, d&rsquo;entraide, de r\u00e9flexion et d&rsquo;activit\u00e9s d&rsquo;ateliers tels que le dessin, la peinture, la gravure, la sculpture, le vitrail, les &hellip; <a href=\"https:\/\/l-experience-association.ch\/\" class=\"more-link\">Lire la suite <span class=\"screen-reader-text\">Accueil<\/span> <span class=\"meta-nav\">&rarr;<\/span><\/a><\/p>\n","protected":false},"author":2,"featured_media":0,"parent":0,"menu_order":0,"comment_status":"closed","ping_status":"closed","template":"","meta":{"footnotes":""},"class_list":["post-9","page","type-page","status-publish","hentry"],"jetpack_sharing_enabled":false,"_links":{"self":[{"href":"https:\/\/l-experience-association.ch\/index.php?rest_route=\/wp\/v2\/pages\/9","targetHints":{"allow":["GET"]}}],"collection":[{"href":"https:\/\/l-experience-association.ch\/index.php?rest_route=\/wp\/v2\/pages"}],"about":[{"href":"https:\/\/l-experience-association.ch\/index.php?rest_route=\/wp\/v2\/types\/page"}],"author":[{"embeddable":true,"href":"https:\/\/l-experience-association.ch\/index.php?rest_route=\/wp\/v2\/users\/2"}],"replies":[{"embeddable":true,"href":"https:\/\/l-experience-association.ch\/index.php?rest_route=%2Fwp%2Fv2%2Fcomments&post=9"}],"version-history":[{"count":15,"href":"https:\/\/l-experience-association.ch\/index.php?rest_route=\/wp\/v2\/pages\/9\/revisions"}],"predecessor-version":[{"id":1039,"href":"https:\/\/l-experience-association.ch\/index.php?rest_route=\/wp\/v2\/pages\/9\/revisions\/1039"}],"wp:attachment":[{"href":"https:\/\/l-experience-association.ch\/index.php?rest_route=%2Fwp%2Fv2%2Fmedia&parent=9"}],"curies":[{"name":"wp","href":"https:\/\/api.w.org\/{rel}","templated":true}]}}