{"id":8,"date":"2021-02-17T17:56:25","date_gmt":"2021-02-17T15:56:25","guid":{"rendered":"https:\/\/associationexperience.wordpress.com\/?page_id=8"},"modified":"2024-02-07T15:50:41","modified_gmt":"2024-02-07T15:50:41","slug":"contact","status":"publish","type":"page","link":"https:\/\/l-experience-association.ch\/?page_id=8","title":{"rendered":"Contact"},"content":{"rendered":"\n<p class=\"has-text-align-left\">N&rsquo;h\u00e9sitez pas \u00e0 nous contacter par le formulaire de contact, par e-mail ou directement par t\u00e9l\u00e9phone. <\/p>\n\n\n\n<p class=\"has-text-align-left\">Vous pouvez nous rendre visite le mercredi entre 14h et 16h lors de notre permanence. En nous avertissant si possible par t\u00e9l\u00e9phone ou par mail. Nous vous accueillerons volontiers pour vous montrer les locaux, vous expliquer le fonctionnement de l&rsquo;association et faire connaissance.<\/p>\n\n\n\n<div class=\"wp-block-jetpack-map\" data-map-id=\"jp-map-1\" data-map-provider=\"mapbox\" data-api-key=\"pk.eyJ1IjoiZXhwZXJpZW5jZWFzc29jaWF0aW9uIiwiYSI6ImNrc3hpNmFlejEyYmMydmxnZG5meHBvcXUifQ.x3FN7CvAPdBzYuzeAmmSZQ\" data-map-style=\"default\"><ul><li><a href=\"https:\/\/www.google.com\/maps\/search\/?api=1&amp;query=46.207219,6.098704\">Chemin Du Ch\u00e2teau-Bloch<\/a><\/li><\/ul><\/div>\n\n\n\n<p><\/p>\n\n\n\n<p><\/p>\n\n\n\n<p><\/p>\n\n\n\n<div class=\"wp-block-columns alignwide has-2-columns is-layout-flex wp-container-core-columns-is-layout-9d6595d7 wp-block-columns-is-layout-flex\">\n<div class=\"wp-block-column is-layout-flow wp-block-column-is-layout-flow\">\n<h2 class=\"wp-block-heading has-text-align-left\">Contactez-nous<\/h2>\n\n\n\n<div class=\"wp-block-jetpack-contact-info\">\n<div class=\"wp-block-jetpack-address\"><a href=\"https:\/\/www.google.com\/maps\/search\/Chemin+de Ch\u00e2teau Bloch, 19,+Le Lignon,+1219+Suisse\" target=\"_blank\" rel=\"noopener noreferrer\" title=\"Ouvrir l\u2019adresse dans Google Maps\"><div class=\"jetpack-address__address jetpack-address__address1\">Chemin de Ch\u00e2teau Bloch, 19<\/div><div><span class=\"jetpack-address__city\">Le Lignon<\/span>, <span class=\"jetpack-address__region\"><\/span> <span class=\"jetpack-address__postal\">1219<\/span><\/div><div class=\"jetpack-address__country\">Suisse<\/div><\/a><\/div>\n\n\n\n<div class=\"wp-block-jetpack-email\"><a href=\"mailto:l.experience@bluewin.ch\">l.experience@bluewin.ch<\/a><\/div>\n\n\n\n<div class=\"wp-block-jetpack-phone\"><a href=\"tel:+41227973167\">+41 22 797 31 67<\/a><\/div>\n<\/div>\n\n\n\n<p>Arr\u00eat de Bus TPG N\u00b09, N\u00b051 \u00ab\u00a0Barde\u00a0\u00bb \/ N\u00b028 \u00ab\u00a0Chateau Bloch\u00a0\u00bb \/ N\u00b07 \u00ab\u00a0Cit\u00e9 Lignon\u00a0\u00bb. <\/p>\n\n\n\n<ul class=\"wp-block-social-links is-layout-flex wp-block-social-links-is-layout-flex\"><li class=\"wp-social-link wp-social-link-facebook  wp-block-social-link\"><a href=\"https:\/\/facebook.com\" class=\"wp-block-social-link-anchor\"><svg width=\"24\" height=\"24\" viewBox=\"0 0 24 24\" version=\"1.1\" xmlns=\"http:\/\/www.w3.org\/2000\/svg\" aria-hidden=\"true\" focusable=\"false\"><path d=\"M12 2C6.5 2 2 6.5 2 12c0 5 3.7 9.1 8.4 9.9v-7H7.9V12h2.5V9.8c0-2.5 1.5-3.9 3.8-3.9 1.1 0 2.2.2 2.2.2v2.5h-1.3c-1.2 0-1.6.8-1.6 1.6V12h2.8l-.4 2.9h-2.3v7C18.3 21.1 22 17 22 12c0-5.5-4.5-10-10-10z\"><\/path><\/svg><span class=\"wp-block-social-link-label screen-reader-text\">Facebook<\/span><\/a><\/li><\/ul>\n\n\n\n<p><\/p>\n<\/div>\n\n\n\n<div class=\"wp-block-column is-layout-flow wp-block-column-is-layout-flow\">\n<h2 class=\"wp-block-heading has-text-align-left\">Envoyez-nous un message<\/h2>\n\n\n<div class=\"wp-block-jetpack-contact-form is-layout-flex wp-container-jetpack-contact-form-is-layout-faa3ad1c wp-block-jetpack-contact-form-is-layout-flex\"><a href=\"https:\/\/l-experience-association.ch\/?page_id=8\" target=\"_blank\" rel=\"noopener noreferrer\">Soumettre un formulaire.<\/a><\/div><\/div>\n<\/div>\n\n\n\n<hr class=\"wp-block-separator has-css-opacity\"\/>\n\n\n\n<p>Pour soutenir L&rsquo;Exp\u00e9rience avec un don: IBAN CH25 0900 0000 1428 1105 0 . Merci !<\/p>\n","protected":false},"excerpt":{"rendered":"<p>N&rsquo;h\u00e9sitez pas \u00e0 nous contacter par le formulaire de contact, par e-mail ou directement par t\u00e9l\u00e9phone. Vous pouvez nous rendre visite le mercredi entre 14h et 16h lors de notre permanence. En nous avertissant si possible par t\u00e9l\u00e9phone ou par mail. Nous vous accueillerons volontiers pour vous montrer les locaux, vous expliquer le fonctionnement de &hellip; <a href=\"https:\/\/l-experience-association.ch\/?page_id=8\" class=\"more-link\">Lire la suite <span class=\"screen-reader-text\">Contact<\/span> <span class=\"meta-nav\">&rarr;<\/span><\/a><\/p>\n","protected":false},"author":2,"featured_media":0,"parent":0,"menu_order":0,"comment_status":"closed","ping_status":"closed","template":"","meta":{"footnotes":""},"class_list":["post-8","page","type-page","status-publish","hentry"],"jetpack_sharing_enabled":false,"_links":{"self":[{"href":"https:\/\/l-experience-association.ch\/index.php?rest_route=\/wp\/v2\/pages\/8","targetHints":{"allow":["GET"]}}],"collection":[{"href":"https:\/\/l-experience-association.ch\/index.php?rest_route=\/wp\/v2\/pages"}],"about":[{"href":"https:\/\/l-experience-association.ch\/index.php?rest_route=\/wp\/v2\/types\/page"}],"author":[{"embeddable":true,"href":"https:\/\/l-experience-association.ch\/index.php?rest_route=\/wp\/v2\/users\/2"}],"replies":[{"embeddable":true,"href":"https:\/\/l-experience-association.ch\/index.php?rest_route=%2Fwp%2Fv2%2Fcomments&post=8"}],"version-history":[{"count":11,"href":"https:\/\/l-experience-association.ch\/index.php?rest_route=\/wp\/v2\/pages\/8\/revisions"}],"predecessor-version":[{"id":851,"href":"https:\/\/l-experience-association.ch\/index.php?rest_route=\/wp\/v2\/pages\/8\/revisions\/851"}],"wp:attachment":[{"href":"https:\/\/l-experience-association.ch\/index.php?rest_route=%2Fwp%2Fv2%2Fmedia&parent=8"}],"curies":[{"name":"wp","href":"https:\/\/api.w.org\/{rel}","templated":true}]}}