{"id":664,"date":"2023-04-11T14:41:26","date_gmt":"2023-04-11T14:41:26","guid":{"rendered":"https:\/\/l-experience-association.ch\/?page_id=664"},"modified":"2023-04-11T14:42:56","modified_gmt":"2023-04-11T14:42:56","slug":"interdiction-de-deriver","status":"publish","type":"page","link":"https:\/\/l-experience-association.ch\/?page_id=664","title":{"rendered":"Interdiction de d\u00e9river"},"content":{"rendered":"\n<p>La pr\u00e9vention ne peut s\u2019inscrire que dans un contexte id\u00e9ologique, sociologique et politique, donn\u00e9.<\/p>\n\n\n\n<p>Aucun syst\u00e8me ne saurait pr\u00e9venir la chute de quelques sacrifi\u00e9s. Ni l\u2019utopie lib\u00e9rale, ni le mao\u00efsme sournois, ni le capitalisme usurpateur, ni quelque r\u00e8gne culturel. Des identit\u00e9s en opposition, issues de l\u2019interdit mim\u00e9tique, un produit maison en somme. Pas d\u2019autre choix que le choix de tous. Pas d\u2019histoire individuelle. Le service social. Pr\u00e9venir est-il d\u2019ouvrir le choix, comme la non-violence, au-del\u00e0 de la r\u00e9sistance passive, ouvre la fronti\u00e8re de la tol\u00e9rance, travaille toujours cette limite.<\/p>\n\n\n\n<p>Pr\u00e9venir ne peut \u00eatre que les moyens de la pr\u00e9vention, tout conna\u00eetre. Je ne peux pas, je m\u2019\u00e9tonne encore. Obligation sans choix. Dictat, sans autre. Ma dignit\u00e9, ma fiert\u00e9 comme je l\u2019appelle, en reste bien \u00e9loign\u00e9e. Dans l\u2019irr\u00e9ductible exp\u00e9rience de chacun, il est important et n\u00e9cessaire d\u2019\u00eatre l\u00e0 et de travailler ensemble des outils du r\u00e9el pour ramener celui qui d\u00e9rive au-del\u00e0 de sa propre raison. La pr\u00e9vention se pose ainsi un peu en leurre social, pour ne rien changer au fait psychiatrique. Honteux. Changeons d\u00e9j\u00e0 une science mal servie, o\u00f9 r\u00e8gne encore trop d\u2019abus.<\/p>\n\n\n\n<p><\/p>\n\n\n\n<p>Une maille psycho-socio-g\u00e9o-politique de mon exp\u00e9rience de vie qui serait revisit\u00e9e (je rends hommage \u00e0 l\u2019habile intellectuel statisticien, sauf qu\u2019il ne peut s\u2019agir, selon moi, que d\u2019une autoanalyse) rendrait de pr\u00e9cieux renseignements \u00e0 r\u00e9agencer en une pleine conscience qui me corresponde et m\u2019agisse en comportements ad\u00e9quats. J\u2019ai \u00e9crit noir sur blanc cette p\u00e9riode cl\u00e9 de 1983 \u00e0 1991, o\u00f9 gisent deux tentatives de suicide en 90 et 91.<\/p>\n\n\n\n<p>(&#8230;) Sur fond de traumatisme (par un \u00e9v\u00e9nement) fragilisant, mon lot a \u00e9t\u00e9 lourd, origine de la longue crise de mon psychisme. Pour ne pas raconter le silence lourd de ma propre histoire, je dirai la pr\u00e9vention qu\u2019il en aurait fallu. D\u2019abord une pr\u00e9vention par des cours de psychologie \u00e0 l\u2019\u00e9cole destin\u00e9s \u00e0 pr\u00e9venir, \u00e0 permettre de mieux g\u00e9rer les \u00e9ventuels traumatismes, notamment ceux cons\u00e9cutifs \u00e0 des suicides. Pr\u00e9vention ensuite dans une meilleure prise en charge de ceux qui sont touch\u00e9s par un traumatisme, par exemple par un suicide. Il y a \u00e0 Gen\u00e8ve une centaine de suicides par ann\u00e9e, d\u2019o\u00f9 chaque ann\u00e9e une centaine de \u00ab groupes \u00bb \u00e0 encadrer, la sant\u00e9 devrait pouvoir s\u2019en occuper. Le suicide a un sens, la collectivit\u00e9 ne peut l\u2019ignorer. Un fusible social qui claque, auquel correspond une dimension sociog\u00e9ographique \u00e0 d\u00e9terminer, et o\u00f9 la sant\u00e9 devrait assumer sa responsabilit\u00e9. Ceci afin d\u2019\u00e9viter la confusion, de ne pas laisser de terrain \u00e0 la maladie psychique (fragilit\u00e9&#8230;). Pr\u00e9vention enfin par interdiction de direction et d\u2019enseignement dans les \u00e9coles de personnes susceptibles de viol de conscience ou de viol sexuel&#8230; qui peuvent conduire \u00e0 la maladie psychique ou \u00e0 d\u2019autres d\u00e9viances.<\/p>\n\n\n\n<p>Pr\u00e9venir, comment faire pour ne pas vivre la crise&nbsp;? Peut-on&nbsp;? Consolider le psychisme par un travail psycho-social en un temps et en un lieu avant d\u2019aller \u00e0 l\u2019asile (et ainsi savoir qu\u2019on pourrait l\u2019affronter&nbsp;?)&nbsp;?<\/p>\n\n\n\n<p>La g\u00e9n\u00e9rosit\u00e9, intellectuelle notamment, jouera sans doute aussi un r\u00f4le cl\u00e9 dans la<\/p>\n\n\n\n<p>d\u00e9couverte des moyens de sa sant\u00e9 mentale.<br>Pour autant aussi qu\u2019id\u00e9ologie et pouvoir cessent d\u2019\u00eatre s\u00e9par\u00e9s au profit d\u2019ambitions personnelles humainement inacceptables.<br>Mais on comprend aussi qu\u2019une soci\u00e9t\u00e9 en crise g\u00e9n\u00e8re des individualismes sans \u00e9gards pour autrui, comme on comprend qu\u2019une soci\u00e9t\u00e9 en croissance g\u00e9n\u00e8re de la place et de l\u2019altruisme pour presque chacun de ses membres.<\/p>\n\n\n\n<p>Comprenez aussi, si je parle de pouvoir de la communaut\u00e9, que je ne parle pas de communisme, dont la faillite est plus que visible de nos jours, tout du moins dans sa forme structurelle&#8230; Sch\u00e9ma du pouvoir communiste, o\u00f9 conscience et connaissance par l\u2019\u00e9lite du r\u00e9seau communautaire, des r\u00f4les, et des p\u00f4les de leader et de victime, formant une sorte de \u00absociologie\u00bb, assurent \u00e0 cette \u00e9lite une position et une stabilit\u00e9 encore plus incontestable que dans un syst\u00e8me qu\u2019il veut combattre, mais dont il garde l\u2019h\u00e9ritage, maintenant le plus possible son prol\u00e9tariat dans l\u2019ignorance de tout cela, au travers notamment de la propagande.<\/p>\n\n\n\n<p>Je vous ai \u00e9crit tout cela, quelles r\u00e9ponses maintenant puis-je en attendre&nbsp;? Au-del\u00e0 m\u00eame de l\u2019absence&nbsp;?<\/p>\n\n\n\n<p>P.S. Un sujet peut-\u00eatre pour une prochaine r\u00e9union&nbsp;:<br>Si \u00ab Science sans conscience n\u2019est que ruine de l\u2019\u00e2me \u00bb, alors \u00ab Psychiatrie sans psychologie n\u2019est aussi que ruine de l\u2019\u00e2me (Psych\u00e9) \u00bb.<\/p>\n\n\n\n<p>P.S. bis&nbsp;: On peut inventer une pr\u00e9vention, on inventera ensuite sa perversion&#8230;<\/p>\n\n\n\n<p>P.S. ter&nbsp;: Un apport concret qui pourrait \u00eatre fait dans le no man\u2019s land propos\u00e9 aux patients en sortie de l\u2019asile, serait d\u2019\u00e9diter \u00e0 leur intention un catalogue des ressources en rapport avec leurs besoins, et qui leur permette de commencer \u00e0 s\u2019y retrouver&#8230;<\/p>\n\n\n\n<p>Jean-Marc Allaman \/ 16.01.02<\/p>\n","protected":false},"excerpt":{"rendered":"<p>La pr\u00e9vention ne peut s\u2019inscrire que dans un contexte id\u00e9ologique, sociologique et politique, donn\u00e9. Aucun syst\u00e8me ne saurait pr\u00e9venir la chute de quelques sacrifi\u00e9s. Ni l\u2019utopie lib\u00e9rale, ni le mao\u00efsme sournois, ni le capitalisme usurpateur, ni quelque r\u00e8gne culturel. Des identit\u00e9s en opposition, issues de l\u2019interdit mim\u00e9tique, un produit maison en somme. Pas d\u2019autre choix &hellip; <a href=\"https:\/\/l-experience-association.ch\/?page_id=664\" class=\"more-link\">Lire la suite <span class=\"screen-reader-text\">Interdiction de d\u00e9river<\/span> <span class=\"meta-nav\">&rarr;<\/span><\/a><\/p>\n","protected":false},"author":2,"featured_media":0,"parent":640,"menu_order":1,"comment_status":"closed","ping_status":"closed","template":"","meta":{"footnotes":""},"class_list":["post-664","page","type-page","status-publish","hentry"],"jetpack_sharing_enabled":true,"_links":{"self":[{"href":"https:\/\/l-experience-association.ch\/index.php?rest_route=\/wp\/v2\/pages\/664","targetHints":{"allow":["GET"]}}],"collection":[{"href":"https:\/\/l-experience-association.ch\/index.php?rest_route=\/wp\/v2\/pages"}],"about":[{"href":"https:\/\/l-experience-association.ch\/index.php?rest_route=\/wp\/v2\/types\/page"}],"author":[{"embeddable":true,"href":"https:\/\/l-experience-association.ch\/index.php?rest_route=\/wp\/v2\/users\/2"}],"replies":[{"embeddable":true,"href":"https:\/\/l-experience-association.ch\/index.php?rest_route=%2Fwp%2Fv2%2Fcomments&post=664"}],"version-history":[{"count":1,"href":"https:\/\/l-experience-association.ch\/index.php?rest_route=\/wp\/v2\/pages\/664\/revisions"}],"predecessor-version":[{"id":666,"href":"https:\/\/l-experience-association.ch\/index.php?rest_route=\/wp\/v2\/pages\/664\/revisions\/666"}],"up":[{"embeddable":true,"href":"https:\/\/l-experience-association.ch\/index.php?rest_route=\/wp\/v2\/pages\/640"}],"wp:attachment":[{"href":"https:\/\/l-experience-association.ch\/index.php?rest_route=%2Fwp%2Fv2%2Fmedia&parent=664"}],"curies":[{"name":"wp","href":"https:\/\/api.w.org\/{rel}","templated":true}]}}