{"id":66,"date":"2021-02-17T18:56:49","date_gmt":"2021-02-17T17:56:49","guid":{"rendered":"https:\/\/associationexperience.wordpress.com\/?page_id=66"},"modified":"2023-04-06T14:09:45","modified_gmt":"2023-04-06T14:09:45","slug":"nos-ateliers-2","status":"publish","type":"page","link":"https:\/\/l-experience-association.ch\/?page_id=66","title":{"rendered":"L&rsquo;atelier"},"content":{"rendered":"\n<p class=\"has-text-align-left\">Notre espace associatif est avant tout un lieu de rencontre et de discussion pour personnes en souffrance psychique. Pour occuper notre temps libre, nous avons organis\u00e9 l&rsquo;association de mani\u00e8re \u00e0 ce qu&rsquo;elle nous permette de nous sentir autonomes et int\u00e9gr\u00e9s \u00e0 la vie en soci\u00e9t\u00e9. Nos ateliers s&rsquo;organisent eux-m\u00eames selon les projets des membres. Chaque membre vient \u00e0 l&rsquo;association avec ses id\u00e9es et projets. Nous avons du mat\u00e9riel \u00e0 disposition n\u00e9cessaire \u00e0 des activit\u00e9s telles que la peinture, le dessin, la c\u00e9ramique, etc. Lors de nos r\u00e9unions nous discutons entre membres sur les besoins li\u00e9s \u00e0 chaque activit\u00e9. Les activit\u00e9s ne sont pas obligatoires, chacun fait comme il le sent en fonction de ses envies et de celles des autres membres du groupe. Certaines activit\u00e9s sont devenues r\u00e9guli\u00e8res au fil du temps alors que d&rsquo;autres sont des projets \u00e0 court-terme. <\/p>\n\n\n\n<p class=\"has-text-align-left\"> L&rsquo;association est un grand atelier dans lequel de nombreux projets sont possibles. Les projets sont principalement artistiques mais nous avons aussi des activit\u00e9s de militantisme, d&rsquo;\u00e9criture et de discussion. D&rsquo;autres projets sont possibles sur proposition des membres impliqu\u00e9s dans les r\u00e9unions du comit\u00e9. Chaque participant est libre de contribuer \u00e0 la diversit\u00e9 des projets visant \u00e0 l&rsquo;autonomie psychique de la personne. Les ateliers sont g\u00e9r\u00e9s par des membres de l&rsquo;association qui sont en situation de vuln\u00e9rabilit\u00e9 psychique. <\/p>\n\n\n\n<p class=\"has-text-align-left\">Des amis de l&rsquo;association, concern\u00e9s d&rsquo;une mani\u00e8re ou d&rsquo;une autre par la question des troubles psychiques participent aussi b\u00e9n\u00e9volement \u00e0 certaines activit\u00e9s. Cependant nous \u00e9changeons r\u00e9guli\u00e8rement avec diff\u00e9rentes associations et institutions actives dans le domaine psychosocial et de la sant\u00e9 mentale.<\/p>\n\n\n\n<p>Voici quelques activit\u00e9s possibles: <\/p>\n\n\n\n<ul class=\"wp-block-list\">\n<li>Dessin, peinture, aquarelle<\/li>\n\n\n\n<li>Sculpture sur bois, vitrail, c\u00e9ramique<\/li>\n\n\n\n<li>Gravure, linogravure<\/li>\n\n\n\n<li>Ecriture et lecture<\/li>\n\n\n\n<li>Jeux de soci\u00e9t\u00e9<\/li>\n\n\n\n<li>Photographie<\/li>\n\n\n\n<li>Informatique<\/li>\n<\/ul>\n\n\n\n<figure class=\"wp-block-gallery has-nested-images columns-default is-cropped wp-block-gallery-1 is-layout-flex wp-block-gallery-is-layout-flex\">\n<figure class=\"wp-block-image size-large\"><img loading=\"lazy\" decoding=\"async\" width=\"768\" height=\"1024\" data-id=\"528\" src=\"https:\/\/l-experience-association.ch\/wp-content\/uploads\/2021\/08\/20210831_134636-768x1024.jpg\" alt=\"\" class=\"wp-image-528\" srcset=\"https:\/\/l-experience-association.ch\/wp-content\/uploads\/2021\/08\/20210831_134636-768x1024.jpg 768w, https:\/\/l-experience-association.ch\/wp-content\/uploads\/2021\/08\/20210831_134636-225x300.jpg 225w, https:\/\/l-experience-association.ch\/wp-content\/uploads\/2021\/08\/20210831_134636-1152x1536.jpg 1152w, https:\/\/l-experience-association.ch\/wp-content\/uploads\/2021\/08\/20210831_134636-1536x2048.jpg 1536w, https:\/\/l-experience-association.ch\/wp-content\/uploads\/2021\/08\/20210831_134636-1100x1467.jpg 1100w, https:\/\/l-experience-association.ch\/wp-content\/uploads\/2021\/08\/20210831_134636-scaled.jpg 1920w\" sizes=\"auto, (max-width: 768px) 100vw, 768px\" \/><figcaption class=\"wp-element-caption\">Le bureau de l&rsquo;association<\/figcaption><\/figure>\n\n\n\n<figure class=\"wp-block-image size-large\"><img loading=\"lazy\" decoding=\"async\" width=\"768\" height=\"1024\" data-id=\"353\" src=\"https:\/\/l-experience-association.ch\/wp-content\/uploads\/2021\/08\/20210825_144016-768x1024.jpg\" alt=\"\" class=\"wp-image-353\" srcset=\"https:\/\/l-experience-association.ch\/wp-content\/uploads\/2021\/08\/20210825_144016-768x1024.jpg 768w, https:\/\/l-experience-association.ch\/wp-content\/uploads\/2021\/08\/20210825_144016-225x300.jpg 225w, https:\/\/l-experience-association.ch\/wp-content\/uploads\/2021\/08\/20210825_144016-1152x1536.jpg 1152w, https:\/\/l-experience-association.ch\/wp-content\/uploads\/2021\/08\/20210825_144016-1536x2048.jpg 1536w, https:\/\/l-experience-association.ch\/wp-content\/uploads\/2021\/08\/20210825_144016-1568x2091.jpg 1568w, https:\/\/l-experience-association.ch\/wp-content\/uploads\/2021\/08\/20210825_144016-scaled.jpg 1920w\" sizes=\"auto, (max-width: 768px) 100vw, 768px\" \/><figcaption class=\"wp-element-caption\">L&rsquo;\u00e9tabli de bricolage<\/figcaption><\/figure>\n\n\n\n<figure class=\"wp-block-image size-large\"><img loading=\"lazy\" decoding=\"async\" width=\"768\" height=\"1024\" data-id=\"244\" src=\"https:\/\/l-experience-association.ch\/wp-content\/uploads\/2021\/05\/wp-1621440860691-768x1024.jpg\" alt=\"\" class=\"wp-image-244\" srcset=\"https:\/\/l-experience-association.ch\/wp-content\/uploads\/2021\/05\/wp-1621440860691-768x1024.jpg 768w, https:\/\/l-experience-association.ch\/wp-content\/uploads\/2021\/05\/wp-1621440860691-225x300.jpg 225w, https:\/\/l-experience-association.ch\/wp-content\/uploads\/2021\/05\/wp-1621440860691-1152x1536.jpg 1152w, https:\/\/l-experience-association.ch\/wp-content\/uploads\/2021\/05\/wp-1621440860691-1536x2048.jpg 1536w, https:\/\/l-experience-association.ch\/wp-content\/uploads\/2021\/05\/wp-1621440860691-1568x2091.jpg 1568w, https:\/\/l-experience-association.ch\/wp-content\/uploads\/2021\/05\/wp-1621440860691-scaled.jpg 1920w\" sizes=\"auto, (max-width: 768px) 100vw, 768px\" \/><figcaption class=\"wp-element-caption\">Activit\u00e9 de linogravure<\/figcaption><\/figure>\n\n\n\n<figure class=\"wp-block-image size-large\"><img loading=\"lazy\" decoding=\"async\" width=\"1024\" height=\"768\" data-id=\"279\" src=\"https:\/\/l-experience-association.ch\/wp-content\/uploads\/2021\/05\/20210319_151030-1-1024x768.jpg\" alt=\"\" class=\"wp-image-279\" srcset=\"https:\/\/l-experience-association.ch\/wp-content\/uploads\/2021\/05\/20210319_151030-1-1024x768.jpg 1024w, https:\/\/l-experience-association.ch\/wp-content\/uploads\/2021\/05\/20210319_151030-1-300x225.jpg 300w, https:\/\/l-experience-association.ch\/wp-content\/uploads\/2021\/05\/20210319_151030-1-768x576.jpg 768w, https:\/\/l-experience-association.ch\/wp-content\/uploads\/2021\/05\/20210319_151030-1-1536x1152.jpg 1536w, https:\/\/l-experience-association.ch\/wp-content\/uploads\/2021\/05\/20210319_151030-1-2048x1536.jpg 2048w, https:\/\/l-experience-association.ch\/wp-content\/uploads\/2021\/05\/20210319_151030-1-1568x1176.jpg 1568w\" sizes=\"auto, (max-width: 1024px) 100vw, 1024px\" \/><figcaption class=\"wp-element-caption\">Activit\u00e9 de dessin<\/figcaption><\/figure>\n\n\n\n<figure class=\"wp-block-image size-large\"><img loading=\"lazy\" decoding=\"async\" width=\"768\" height=\"1024\" data-id=\"241\" src=\"https:\/\/l-experience-association.ch\/wp-content\/uploads\/2021\/05\/wp-1621440657130-768x1024.jpg\" alt=\"\" class=\"wp-image-241\" srcset=\"https:\/\/l-experience-association.ch\/wp-content\/uploads\/2021\/05\/wp-1621440657130-768x1024.jpg 768w, https:\/\/l-experience-association.ch\/wp-content\/uploads\/2021\/05\/wp-1621440657130-225x300.jpg 225w, https:\/\/l-experience-association.ch\/wp-content\/uploads\/2021\/05\/wp-1621440657130-1152x1536.jpg 1152w, https:\/\/l-experience-association.ch\/wp-content\/uploads\/2021\/05\/wp-1621440657130-1536x2048.jpg 1536w, https:\/\/l-experience-association.ch\/wp-content\/uploads\/2021\/05\/wp-1621440657130-1568x2091.jpg 1568w, https:\/\/l-experience-association.ch\/wp-content\/uploads\/2021\/05\/wp-1621440657130-scaled.jpg 1920w\" sizes=\"auto, (max-width: 768px) 100vw, 768px\" \/><figcaption class=\"wp-element-caption\">Presse pour la gravure<\/figcaption><\/figure>\n<\/figure>\n","protected":false},"excerpt":{"rendered":"<p>Notre espace associatif est avant tout un lieu de rencontre et de discussion pour personnes en souffrance psychique. Pour occuper notre temps libre, nous avons organis\u00e9 l&rsquo;association de mani\u00e8re \u00e0 ce qu&rsquo;elle nous permette de nous sentir autonomes et int\u00e9gr\u00e9s \u00e0 la vie en soci\u00e9t\u00e9. Nos ateliers s&rsquo;organisent eux-m\u00eames selon les projets des membres. Chaque &hellip; <a href=\"https:\/\/l-experience-association.ch\/?page_id=66\" class=\"more-link\">Lire la suite <span class=\"screen-reader-text\">L&rsquo;atelier<\/span> <span class=\"meta-nav\">&rarr;<\/span><\/a><\/p>\n","protected":false},"author":2,"featured_media":0,"parent":0,"menu_order":0,"comment_status":"closed","ping_status":"closed","template":"","meta":{"footnotes":""},"class_list":["post-66","page","type-page","status-publish","hentry"],"jetpack_sharing_enabled":true,"_links":{"self":[{"href":"https:\/\/l-experience-association.ch\/index.php?rest_route=\/wp\/v2\/pages\/66","targetHints":{"allow":["GET"]}}],"collection":[{"href":"https:\/\/l-experience-association.ch\/index.php?rest_route=\/wp\/v2\/pages"}],"about":[{"href":"https:\/\/l-experience-association.ch\/index.php?rest_route=\/wp\/v2\/types\/page"}],"author":[{"embeddable":true,"href":"https:\/\/l-experience-association.ch\/index.php?rest_route=\/wp\/v2\/users\/2"}],"replies":[{"embeddable":true,"href":"https:\/\/l-experience-association.ch\/index.php?rest_route=%2Fwp%2Fv2%2Fcomments&post=66"}],"version-history":[{"count":13,"href":"https:\/\/l-experience-association.ch\/index.php?rest_route=\/wp\/v2\/pages\/66\/revisions"}],"predecessor-version":[{"id":635,"href":"https:\/\/l-experience-association.ch\/index.php?rest_route=\/wp\/v2\/pages\/66\/revisions\/635"}],"wp:attachment":[{"href":"https:\/\/l-experience-association.ch\/index.php?rest_route=%2Fwp%2Fv2%2Fmedia&parent=66"}],"curies":[{"name":"wp","href":"https:\/\/api.w.org\/{rel}","templated":true}]}}