{"id":645,"date":"2023-04-11T14:03:19","date_gmt":"2023-04-11T14:03:19","guid":{"rendered":"https:\/\/l-experience-association.ch\/?page_id=645"},"modified":"2023-04-11T14:08:08","modified_gmt":"2023-04-11T14:08:08","slug":"association-en-sante-mentale","status":"publish","type":"page","link":"https:\/\/l-experience-association.ch\/?page_id=645","title":{"rendered":"Association en sant\u00e9 mentale"},"content":{"rendered":"\n<p><\/p>\n\n\n\n<p><strong>Association en sant\u00e9 mentale<\/strong><\/p>\n\n\n\n<p>En 1999, \u00e0 Gen\u00e8ve, des souffrants psychiques et des amis ont cr\u00e9\u00e9 une structure associative, L\u2019Exp\u00e9rience, faisant usage des droits citoyens d\u2019association et de libert\u00e9 d\u2019expression. Si L\u2019Exp\u00e9rience s\u2019appelle ainsi, c\u2019est parce qu\u2019aucun des trois fondateurs ne savait si l\u2019association allait durer, il fallait en faire l\u2019essai, l\u2019exp\u00e9rience. L\u2019association L\u2019Exp\u00e9rience est donc l\u2019exp\u00e9rience d\u2019une association.<\/p>\n\n\n\n<p>Etant un des fondateurs, je me souviens avoir partag\u00e9 pendant plusieurs mois, dans le restaurant de l\u2019Arcade 84 o\u00f9 je mangeais deux \u00e0 trois fois par semaine, l\u2019id\u00e9e d\u2019une association en sant\u00e9 mentale, et j\u2019\u00e9crivais un texte que je ramenais \u00e0 chaque fois pour approbation aux connaissances que j\u2019avais l\u00e0. C\u2019est ainsi plus d\u2019une centaine de personnes qui ont co-\u00e9crit le texte fondateur de L\u2019Exp\u00e9rience. La d\u00e9marche \u00e9tait singuli\u00e8re, de longue haleine, participative.<\/p>\n\n\n\n<p><\/p>\n\n\n\n<p><strong>L\u2019association en sant\u00e9 mentale<\/strong><\/p>\n\n\n\n<p>L\u2019association en sant\u00e9 mentale est l\u2019objet de ce texte, o\u00f9 deux regards s\u2019entrecroisent \u00e0 refaire le monde de la sant\u00e9 mentale, celui du professionnel en psychosociologie, et celui du souffrant psychique, tous deux engag\u00e9s dans le travail de terrain, dans les pratiques issues de la psychosociologie, telles la psycho\u00e9ducation ou la psychop\u00e9dagogie.<\/p>\n\n\n\n<p>Prise dans le champ des sciences humaines, l\u2019association en sant\u00e9 mentale est essentiellement faite de relations humaines.<\/p>\n\n\n\n<p>L\u2019association en sant\u00e9 mentale, c\u2019est :<\/p>\n\n\n\n<ul class=\"wp-block-list\">\n<li>des qualit\u00e9s psychologiques, dans le lien d\u2019association entre les individus,<\/li>\n\n\n\n<li>une sociologie de groupe, de collectif,<\/li>\n\n\n\n<li>des comp\u00e9tences qui ont valeur d\u2019\u00e9change entre les personnes. <\/li>\n<\/ul>\n\n\n\n<p>Les qualit\u00e9s sont l\u2019\u00e9coute et l\u2019empathie, le non-jugement, le respect de l\u2019autod\u00e9termination de soi et de l\u2019autre, la chaleur humaine, et toutes constituent une sensibilit\u00e9 particuli\u00e8re, un gage d\u2019adh\u00e9sion \u00e0 des valeurs humaines, un humanisme.<\/p>\n\n\n\n<p>La sociologie du groupe (pourrait-on dire des pairs, ou d\u2019une \u00e9quipe, ou d\u2019une \u00ab famille \u00bb) est compos\u00e9e de trois \u00e9l\u00e9ments : le groupe qui forme l\u2019association, les liens sociaux qui s\u2019y tissent, et le fonctionnement (soutenu par des structures).<\/p>\n\n\n\n<p>Le groupe de pairs, ou l\u2019association, par l\u2019interaction entre les gestions individuelles et la gestion commune, peut vouloir, et ce serait son but, \u00eatre un vecteur de soin (en sant\u00e9 mentale).<\/p>\n\n\n\n<p>Dans les liens sociaux, en plus des possibilit\u00e9s de rencontres amicales et de l\u2019entraide, ou de l\u2019aide, entre pairs, on trouve toute une gamme d\u2019habilet\u00e9s sociales, individuelles ou collectives, tels des aspects de motivation, d\u2019\u00e9mulation, d\u2019engagement, \u00e0 c\u00f4t\u00e9 d\u2019autres traits psychologiques et de sant\u00e9 psychique. On trouve \u00e9galement des habilet\u00e9s comme la gestion du lien interpersonnel, la participation associative, la gestion d\u2019atelier, l\u2019\u00e9change autour d\u2019une probl\u00e9matique dans un groupe de parole, la participation aux r\u00e9unions, l\u2019expression de son opinion, la prise en exemple de probl\u00e8mes r\u00e9gl\u00e9s ensemble, la participation \u00e0 des projets communs (exposition, forum, journal, site internet, etc.), la participation \u00e0 la d\u00e9fense de ses droits.<\/p>\n\n\n\n<p>Pour le fonctionnement, et les structures, on voit que les statuts sont l\u2019ossature principale de l\u2019association, qui r\u00e9gissent la vie en son sein, en r\u00e9glant les interactions entre les groupes, les r\u00e9unions, et les assembl\u00e9es, et portant inscription des buts poursuivis.<\/p>\n\n\n\n<p>Dans une association en sant\u00e9 mentale, les comp\u00e9tences, qui sont tout simplement l\u2019offre, ou les prestations de l\u2019association, sont toutes li\u00e9es \u00e0 l\u2019aide ou \u00e0 l\u2019entraide. L\u2019association, les r\u00e9unions ou les groupes sont les lieux de l\u2019exercice de ces comp\u00e9tences. Il s\u2019agit d\u2019accueillir, d\u2019informer, d\u2019orienter, de se r\u00e9unir, de g\u00e9rer, d\u2019organiser, d\u2019administrer, de d\u00e9cider, de partager les comp\u00e9tences, de prendre exemple sur autrui. Il s\u2019agit aussi de s\u2019exprimer : \u00e9changer les histoires, le savoir (groupe de parole), ou cr\u00e9er (atelier artistique), ou militer pour les droits et la cause des souffrants psychiques (repr\u00e9sentation).<\/p>\n\n\n\n<p>La formalisation d\u2019une association est n\u00e9cessaire pour que se mette en place une appartenance, pour que l\u2019initiation et le d\u00e9veloppement de projets, ainsi que leur r\u00e9alisation, soient promus. Une voix et un discours coh\u00e9rents et l\u00e9gitim\u00e9s peuvent se d\u00e9velopper.<\/p>\n\n\n\n<p><\/p>\n\n\n\n<p><strong>L\u2019expression<\/strong><\/p>\n\n\n\n<p>Dans les associations en sant\u00e9 mentale autog\u00e9r\u00e9es de souffrants psychiques aujourd\u2019hui \u00e0 Gen\u00e8ve, on trouve ces formes d\u2019expression que sont les t\u00e9moignages, les images peintes, ou encore la lutte militante. Toutes sont empreintes de sensibilit\u00e9, toutes passent par la m\u00e9moire et par l\u2019art.<\/p>\n\n\n\n<p>Lorsque la souffrance trouve \u00e0 s\u2019exprimer, dans les arts ou dans la parole, des \u0153uvres avec leurs sens sont mises au jour, et l\u2019artiste, par son observation, ou aid\u00e9 dans son observation, peut peut-\u00eatre, au travers de son \u0153uvre, revivre un trauma pass\u00e9, et dans sa prise de conscience, l\u2019accepter et trouver le chemin de la r\u00e9silience.<\/p>\n\n\n\n<p>Les expressions sensibles de la souffrance, t\u00e9moignages, images peintes, ou lutte militante, changent les choses, font \u00e9voluer l\u2019artiste, et font \u00e9voluer la soci\u00e9t\u00e9, aussi par l\u2019exposition publique qui fait des \u0153uvres des objets culturels, d\u2019usage plus facile.<\/p>\n\n\n\n<p>Ces changements nous importent, ils sont r\u00e9v\u00e9lateurs, ils sont r\u00e9parateurs.<\/p>\n\n\n\n<p>L\u2019expression des souffrants psychiques, et de ceux qui les soutiennent, am\u00e8ne \u00e0 la soci\u00e9t\u00e9 un questionnement et une r\u00e9flexion toujours renouvel\u00e9s sur l\u2019int\u00e9gration sociale de la diff\u00e9rence.<\/p>\n\n\n\n<p>Ainsi au service de la soci\u00e9t\u00e9, le mouvement des souffrants psychiques est d\u2019utilit\u00e9 publique.<\/p>\n\n\n\n<p>Les demandes des souffrants psychiques sont sp\u00e9cifiques de leur condition, y compris les revendications de droits li\u00e9s \u00e0 leur cause, c\u2019est donc eux qui peuvent les \u00e9noncer et les exprimer l\u00e9gitimement.<\/p>\n\n\n\n<p>Quant \u00e0 l\u2019initiative usag\u00e8re, elle pourrait \u00eatre mieux soutenue, par tous ceux qui le peuvent.<\/p>\n\n\n\n<p>Et si les professionnels du psychosocial \u00e9prouvent des difficult\u00e9s \u00e0 passer du pouvoir \u00e0 leurs usagers (empowerment \/ habilitation), peut-\u00eatre cette mission pourrait-elle \u00eatre remplie par des professionnels en sant\u00e9 mentale ayant l\u2019exp\u00e9rience du trouble psychique, je veux parler des pairs-praticiens en sant\u00e9 mentale.<\/p>\n\n\n\n<p><\/p>\n\n\n\n<p><strong>Mod\u00e8le social<\/strong><\/p>\n\n\n\n<p>L\u2019association en sant\u00e9 mentale est une des mailles du filet social institutionnel et associatif local, c\u2019est une petite unit\u00e9.<\/p>\n\n\n\n<p>Le monde de la sant\u00e9 mentale a besoin de multiples ressources pour exister.<br>Les politiques et les financeurs forment la premi\u00e8re ligne de soutien.<br>Les psychoth\u00e9rapeutes et leurs pharmacop\u00e9es assistent le patient au long de sa maladie. Les professionnels du psychosocial interviennent pour tout le processus d\u2019int\u00e9gration sociale.<br>Et \u00e0 son niveau social, on trouve l\u2019association en sant\u00e9 mentale, les lieux de l\u2019expression et de la culture des souffrants psychiques, les groupes de parole, les ateliers artistiques, qui luttent contre l\u2019isolement et le d\u00e9s\u0153uvrement, qui permettent d\u2019avoir de l\u2019exercice pratique, de regagner un statut d\u2019actif, d\u2019\u00eatre co-d\u00e9cisionnaire.<br>L\u2019association en sant\u00e9 mentale induit des implications de soi, et des effets pour soi bien r\u00e9els, un peu de responsabilit\u00e9 retrouv\u00e9e.<\/p>\n\n\n\n<p>Au travers de l\u2019association en sant\u00e9 mentale, le mod\u00e8le social propos\u00e9 repose sur :<\/p>\n\n\n\n<ul class=\"wp-block-list\">\n<li>l\u2019association comme unit\u00e9 de base<\/li>\n\n\n\n<li>une action d\u2019aide ou d\u2019entraide<\/li>\n\n\n\n<li>la gouvernance participative, ou autogestion<\/li>\n<\/ul>\n\n\n\n<p><\/p>\n\n\n\n<p>Le ph\u00e9nom\u00e8ne association peut offrir une stabilit\u00e9 sociale. <\/p>\n\n\n\n<p>Sa pr\u00e9vention tertiaire est form\u00e9e du lien social et de l\u2019activit\u00e9 d\u2019atelier ou du groupe de parole. Les rechutes de maladie psychique sont moins nombreuses.<\/p>\n\n\n\n<p>Le groupe entretient l\u2019espoir du r\u00e9tablissement.  <\/p>\n\n\n\n<p>La gouvernance participative, ou autrement dit l\u2019autogestion, et l\u2019autonomie acquise redonnent \u00e0 la personne des comp\u00e9tences d\u2019auto-organisation, dans son administration personnelle ou dans ses projets cr\u00e9atifs.<\/p>\n\n\n\n<p>L\u2019association, les projets communs entretiennent la solidarit\u00e9.<\/p>\n\n\n\n<p><\/p>\n\n\n\n<p><strong>La cr\u00e9ation d\u2019associations en sant\u00e9 mentale<\/strong><\/p>\n\n\n\n<p>Les associations autog\u00e9r\u00e9es genevoises de souffrants psychiques sont toutes des associations en sant\u00e9 mentale.<\/p>\n\n\n\n<p>Chacune d\u2019entre elles contribue \u00e0 la visibilit\u00e9 d\u2019une culture associative, au service de la sant\u00e9 mentale.<\/p>\n\n\n\n<p>Toutes, elles engagent la d\u00e9stigmatisation des souffrants psychiques, et leur int\u00e9gration sociale. Elles offrent du lien social et des activit\u00e9s, dans la solidarit\u00e9 et le partage.<\/p>\n\n\n\n<p>Leur exemple montre bien que l\u2019entraide sous la forme associative est pertinente, et que pour d\u00e9velopper cette entraide, il conviendrait de promouvoir la cr\u00e9ation d\u2019associations du type association en sant\u00e9 mentale.<\/p>\n\n\n\n<p>Merci<\/p>\n\n\n\n<p><br>Jean-Marc Allaman \/ 29 juin 2019<\/p>\n","protected":false},"excerpt":{"rendered":"<p>Association en sant\u00e9 mentale En 1999, \u00e0 Gen\u00e8ve, des souffrants psychiques et des amis ont cr\u00e9\u00e9 une structure associative, L\u2019Exp\u00e9rience, faisant usage des droits citoyens d\u2019association et de libert\u00e9 d\u2019expression. Si L\u2019Exp\u00e9rience s\u2019appelle ainsi, c\u2019est parce qu\u2019aucun des trois fondateurs ne savait si l\u2019association allait durer, il fallait en faire l\u2019essai, l\u2019exp\u00e9rience. L\u2019association L\u2019Exp\u00e9rience est &hellip; <a href=\"https:\/\/l-experience-association.ch\/?page_id=645\" class=\"more-link\">Lire la suite <span class=\"screen-reader-text\">Association en sant\u00e9 mentale<\/span> <span class=\"meta-nav\">&rarr;<\/span><\/a><\/p>\n","protected":false},"author":2,"featured_media":0,"parent":640,"menu_order":1,"comment_status":"closed","ping_status":"closed","template":"","meta":{"footnotes":""},"class_list":["post-645","page","type-page","status-publish","hentry"],"jetpack_sharing_enabled":true,"_links":{"self":[{"href":"https:\/\/l-experience-association.ch\/index.php?rest_route=\/wp\/v2\/pages\/645","targetHints":{"allow":["GET"]}}],"collection":[{"href":"https:\/\/l-experience-association.ch\/index.php?rest_route=\/wp\/v2\/pages"}],"about":[{"href":"https:\/\/l-experience-association.ch\/index.php?rest_route=\/wp\/v2\/types\/page"}],"author":[{"embeddable":true,"href":"https:\/\/l-experience-association.ch\/index.php?rest_route=\/wp\/v2\/users\/2"}],"replies":[{"embeddable":true,"href":"https:\/\/l-experience-association.ch\/index.php?rest_route=%2Fwp%2Fv2%2Fcomments&post=645"}],"version-history":[{"count":1,"href":"https:\/\/l-experience-association.ch\/index.php?rest_route=\/wp\/v2\/pages\/645\/revisions"}],"predecessor-version":[{"id":647,"href":"https:\/\/l-experience-association.ch\/index.php?rest_route=\/wp\/v2\/pages\/645\/revisions\/647"}],"up":[{"embeddable":true,"href":"https:\/\/l-experience-association.ch\/index.php?rest_route=\/wp\/v2\/pages\/640"}],"wp:attachment":[{"href":"https:\/\/l-experience-association.ch\/index.php?rest_route=%2Fwp%2Fv2%2Fmedia&parent=645"}],"curies":[{"name":"wp","href":"https:\/\/api.w.org\/{rel}","templated":true}]}}