{"id":640,"date":"2023-04-11T13:52:30","date_gmt":"2023-04-11T13:52:30","guid":{"rendered":"https:\/\/l-experience-association.ch\/?page_id=640"},"modified":"2023-04-11T15:19:06","modified_gmt":"2023-04-11T15:19:06","slug":"textes","status":"publish","type":"page","link":"https:\/\/l-experience-association.ch\/?page_id=640","title":{"rendered":"Textes"},"content":{"rendered":"\n<p>Voici quelques textes qui ont \u00e9t\u00e9 r\u00e9dig\u00e9s par des membres de l&rsquo;association.<\/p>\n\n\n\n<h4 class=\"wp-block-heading\"><a href=\"https:\/\/l-experience-association.ch\/?page_id=678\">Association l&rsquo;Exp\u00e9rience<\/a><\/h4>\n\n\n\n<h4 class=\"wp-block-heading\"><a href=\"https:\/\/l-experience-association.ch\/?page_id=649\">R\u00e9flexion autour de la sant\u00e9 mentale<\/a><\/h4>\n\n\n\n<h4 class=\"wp-block-heading\"><a href=\"https:\/\/l-experience-association.ch\/?page_id=652\">Extraits du journal d&rsquo;un philosophe<\/a><\/h4>\n\n\n\n<h4 class=\"wp-block-heading\"><a href=\"https:\/\/l-experience-association.ch\/?page_id=664\">Interdiction de d\u00e9river<\/a><\/h4>\n\n\n\n<h4 class=\"wp-block-heading\"><a href=\"https:\/\/l-experience-association.ch\/?page_id=659\">Lettre ouverte \u00e0 la PSQ<\/a><\/h4>\n\n\n\n<h4 class=\"wp-block-heading\"><a href=\"https:\/\/l-experience-association.ch\/?page_id=645\">Association en sant\u00e9 mentale<\/a><\/h4>\n\n\n\n<h4 class=\"wp-block-heading\"><a href=\"https:\/\/l-experience-association.ch\/?page_id=673\">Les chemins de l\u2019autonomie<\/a><\/h4>\n\n\n\n<p><\/p>\n","protected":false},"excerpt":{"rendered":"<p>Voici quelques textes qui ont \u00e9t\u00e9 r\u00e9dig\u00e9s par des membres de l&rsquo;association. Association l&rsquo;Exp\u00e9rience R\u00e9flexion autour de la sant\u00e9 mentale Extraits du journal d&rsquo;un philosophe Interdiction de d\u00e9river Lettre ouverte \u00e0 la PSQ Association en sant\u00e9 mentale Les chemins de l\u2019autonomie<\/p>\n","protected":false},"author":2,"featured_media":0,"parent":0,"menu_order":0,"comment_status":"closed","ping_status":"closed","template":"","meta":{"footnotes":""},"class_list":["post-640","page","type-page","status-publish","hentry"],"jetpack_sharing_enabled":true,"_links":{"self":[{"href":"https:\/\/l-experience-association.ch\/index.php?rest_route=\/wp\/v2\/pages\/640","targetHints":{"allow":["GET"]}}],"collection":[{"href":"https:\/\/l-experience-association.ch\/index.php?rest_route=\/wp\/v2\/pages"}],"about":[{"href":"https:\/\/l-experience-association.ch\/index.php?rest_route=\/wp\/v2\/types\/page"}],"author":[{"embeddable":true,"href":"https:\/\/l-experience-association.ch\/index.php?rest_route=\/wp\/v2\/users\/2"}],"replies":[{"embeddable":true,"href":"https:\/\/l-experience-association.ch\/index.php?rest_route=%2Fwp%2Fv2%2Fcomments&post=640"}],"version-history":[{"count":17,"href":"https:\/\/l-experience-association.ch\/index.php?rest_route=\/wp\/v2\/pages\/640\/revisions"}],"predecessor-version":[{"id":687,"href":"https:\/\/l-experience-association.ch\/index.php?rest_route=\/wp\/v2\/pages\/640\/revisions\/687"}],"wp:attachment":[{"href":"https:\/\/l-experience-association.ch\/index.php?rest_route=%2Fwp%2Fv2%2Fmedia&parent=640"}],"curies":[{"name":"wp","href":"https:\/\/api.w.org\/{rel}","templated":true}]}}