{"id":480,"date":"2021-08-30T18:28:43","date_gmt":"2021-08-30T18:28:43","guid":{"rendered":"https:\/\/l-experience-association.ch\/?page_id=480"},"modified":"2025-05-20T13:55:31","modified_gmt":"2025-05-20T13:55:31","slug":"a-propos","status":"publish","type":"page","link":"https:\/\/l-experience-association.ch\/?page_id=480","title":{"rendered":"A propos"},"content":{"rendered":"\n<p>Notre association est autog\u00e9r\u00e9e par une r\u00e9union de comit\u00e9 d&rsquo;autogestion hebdomadaire constitu\u00e9 \u00e0 majorit\u00e9 de personnes en souffrance psychique et sur le chemin du r\u00e9tablissement. L&rsquo;association n&rsquo;a pas de salari\u00e9s et tous les membres actifs sont volontaires et b\u00e9n\u00e9voles.<\/p>\n\n\n\n<p><\/p>\n\n\n\n<p><\/p>\n\n\n\n<p>Les membres du comit\u00e9 d&rsquo;association \u00e9lus lors de l&rsquo;assembl\u00e9e g\u00e9n\u00e9rale de 2025 sont:<\/p>\n\n\n\n<p><\/p>\n\n\n\n<p>David Nieves Vazquez &#8211; <em>Pr\u00e9sident<\/em><\/p>\n\n\n\n<p>Jean-Marie Soom &#8211; <em>Vice-pr\u00e9sident<\/em><\/p>\n\n\n\n<p>Robert Cundy &#8211; <em>Tr\u00e9sorier<\/em><\/p>\n","protected":false},"excerpt":{"rendered":"<p>Notre association est autog\u00e9r\u00e9e par une r\u00e9union de comit\u00e9 d&rsquo;autogestion hebdomadaire constitu\u00e9 \u00e0 majorit\u00e9 de personnes en souffrance psychique et sur le chemin du r\u00e9tablissement. L&rsquo;association n&rsquo;a pas de salari\u00e9s et tous les membres actifs sont volontaires et b\u00e9n\u00e9voles. Les membres du comit\u00e9 d&rsquo;association \u00e9lus lors de l&rsquo;assembl\u00e9e g\u00e9n\u00e9rale de 2025 sont: David Nieves Vazquez &hellip; <a href=\"https:\/\/l-experience-association.ch\/?page_id=480\" class=\"more-link\">Lire la suite <span class=\"screen-reader-text\">A propos<\/span> <span class=\"meta-nav\">&rarr;<\/span><\/a><\/p>\n","protected":false},"author":2,"featured_media":0,"parent":0,"menu_order":0,"comment_status":"closed","ping_status":"closed","template":"","meta":{"footnotes":""},"class_list":["post-480","page","type-page","status-publish","hentry"],"jetpack_sharing_enabled":true,"_links":{"self":[{"href":"https:\/\/l-experience-association.ch\/index.php?rest_route=\/wp\/v2\/pages\/480","targetHints":{"allow":["GET"]}}],"collection":[{"href":"https:\/\/l-experience-association.ch\/index.php?rest_route=\/wp\/v2\/pages"}],"about":[{"href":"https:\/\/l-experience-association.ch\/index.php?rest_route=\/wp\/v2\/types\/page"}],"author":[{"embeddable":true,"href":"https:\/\/l-experience-association.ch\/index.php?rest_route=\/wp\/v2\/users\/2"}],"replies":[{"embeddable":true,"href":"https:\/\/l-experience-association.ch\/index.php?rest_route=%2Fwp%2Fv2%2Fcomments&post=480"}],"version-history":[{"count":8,"href":"https:\/\/l-experience-association.ch\/index.php?rest_route=\/wp\/v2\/pages\/480\/revisions"}],"predecessor-version":[{"id":1142,"href":"https:\/\/l-experience-association.ch\/index.php?rest_route=\/wp\/v2\/pages\/480\/revisions\/1142"}],"wp:attachment":[{"href":"https:\/\/l-experience-association.ch\/index.php?rest_route=%2Fwp%2Fv2%2Fmedia&parent=480"}],"curies":[{"name":"wp","href":"https:\/\/api.w.org\/{rel}","templated":true}]}}