{"id":103,"date":"2021-02-17T20:12:08","date_gmt":"2021-02-17T18:12:08","guid":{"rendered":"https:\/\/associationexperience.wordpress.com\/?page_id=103"},"modified":"2021-08-30T21:02:46","modified_gmt":"2021-08-30T21:02:46","slug":"soutiens-et-subventions","status":"publish","type":"page","link":"https:\/\/l-experience-association.ch\/?page_id=103","title":{"rendered":"Partenaires et soutiens"},"content":{"rendered":"\n<p><strong>Les associations genevoises autog\u00e9r\u00e9es par des personnes vivant avec un trouble psychique :<\/strong><\/p>\n\n\n\n<p><strong>Association AETOC<\/strong> &#8211; Association d&rsquo;entraide des personnes souffrant de troubles obsessionnels compulsifs &#8211; Maison des Associations &#8211; Rue des Savoises 15, 1205 Gen\u00e8ve &#8211; T\u00e9l. 079 828 16 33 &#8211; <a href=\"http:\/\/www.aetoc.ch\">www.aetoc.ch<\/a><\/p>\n\n\n\n<p><strong>Association ATB&amp;D<\/strong> &#8211; Association de personnes ayant un trouble de l&rsquo;humeur, bipolaire ou d\u00e9pressif &#8211; Maison des Associations &#8211; Rue des Savoises 15, 1205 Gen\u00e8ve &#8211; T\u00e9l. 022 321 74 64 &#8211; <a href=\"http:\/\/www.association-atb.org\">www.association-atb.org<\/a><\/p>\n\n\n\n<p><strong>REEV<\/strong> &#8211; R\u00e9seau d&rsquo;entraide des entendeurs de voix &#8211; Case postale 235, 1211 Gen\u00e8ve 17 &#8211; T\u00e9l. 022 346 48 21<\/p>\n\n\n\n<hr class=\"wp-block-separator\"\/>\n\n\n\n<p><strong>Pour la d\u00e9fense des int\u00e9r\u00eats et des droits des personnes souffrant d&rsquo;un trouble psychique, et pour de l&rsquo;information en sant\u00e9 mentale :<\/strong><\/p>\n\n\n\n<p><strong>AGILE<\/strong> &#8211; Les organisations de personnes avec handicap &#8211; Effingerstrasse 55 &#8211; 3008 Bern\/Berne &#8211; <a href=\"http:\/\/www.agile.ch\">www.agile.ch<\/a><\/p>\n\n\n\n<p><strong>Le Biceps <\/strong>&#8211; Lieu de soutien psychologique pour enfants de parents souffrant de troubles psychiques &#8211; BCAS &#8211; Place de la Taconnerie 3, 1204 Gen\u00e8ve &#8211; T\u00e9l. 022 310 33 23 &#8211; <a href=\"http:\/\/www.lebiceps.ch\">www.lebiceps.ch<\/a><\/p>\n\n\n\n<p><strong>Association des conseillers accompagnants<\/strong> &#8211; Case postale 7, 1211 Gen\u00e8ve 20 &#8211; T\u00e9l. 022 733 40 00 &#8211; <a href=\"http:\/\/www.conseillers-accompagnants.ch\">www.conseillers-accompagnants.ch<\/a><\/p>\n\n\n\n<p><strong>Association Co&rsquo;errance<\/strong> &#8211; Chemin de la Gravi\u00e8re 24 &#8211; 1224 Ch\u00eane-Bougeries &#8211; T\u00e9l. 077 488 73 65 &#8211; <a href=\"http:\/\/www.coerrance.ch\">www.coerrance.ch<\/a><\/p>\n\n\n\n<p><strong>CORAASP<\/strong> &#8211; Coordination romande des associations d&rsquo;action pour la sant\u00e9 psychique &#8211; Av. de la Gare 52&nbsp;&#8211; 1003 Lausanne&nbsp;&#8211; T\u00e9l. 021 311 02 95 &#8211; <a href=\"http:\/\/www.coraasp.ch\">www.coraasp.ch<\/a><\/p>\n\n\n\n<p><strong>F\u00e9GAPH<\/strong> &#8211; F\u00e9d\u00e9ration genevoise d&rsquo;association de personnes handicap\u00e9es et de leurs proches &#8211; C\/O insieme-Gen\u00e8ve &#8211; 7 &#8211; Rue de la Gabelle &#8211; 1227 Carouge &#8211; <a href=\"http:\/\/www.fegaph.ch\">www.fegaph.ch<\/a><\/p>\n\n\n\n<p><strong>Association le Relais<\/strong> &#8211; Ecoute, entraide et soutien aux proches &#8211; Maison des Associations &#8211; Rue des Savoises 15, 1205 Gen\u00e8ve &#8211; T\u00e9l. 022 781 65 20 &#8211; <a href=\"http:\/\/www.lerelais.ch\">www.lerelais.ch<\/a><\/p>\n\n\n\n<p><strong>Association Re-pairs <\/strong>&#8211; L\u2019association re-pairs \u0153uvre pour la promotion, la diffusion, l\u2019implantation et la reconnaissance de la profession en devenir de pair praticien en sant\u00e9 mentale &#8211; <a href=\"http:\/\/www.re-pairs.ch\">www.re-pairs.ch<\/a><\/p>\n\n\n\n<p><strong>Association Parole<\/strong> &#8211; Espace d&rsquo;accueil et d&rsquo;expression &#8211; Rue du Vieux-Billard 1 &#8211; 1205 Gen\u00e8ve &#8211; T\u00e9l. 022 781 43 08 &#8211; <a href=\"http:\/\/www.associationparole.ch\">www.associationparole.ch<\/a><\/p>\n\n\n\n<p><strong>Le GREPSY<\/strong> &#8211; Groupement associatif d&rsquo;actions pour la r\u00e9flexion et l&rsquo;\u00e9change en sant\u00e9 psychique &#8211; C\/O Le Relais &#8211; Maison des Associations &#8211; Rue des Savoises 15, 1205 Gen\u00e8ve &#8211; T\u00e9l. 022 659 99 19 &#8211; <a href=\"http:\/\/www.grepsy.ch\">www.grepsy.ch<\/a><\/p>\n\n\n\n<p><strong>Les Sans Voix<\/strong> &#8211; D\u00e9fense des patients psychiatriques &#8211; Case postale 235, 1211 Gen\u00e8ve 17 &#8211; T\u00e9l. 022 346 48 21<\/p>\n\n\n\n<p><strong>Sant\u00e9 Psy<\/strong> &#8211; Pour la promotion de la sant\u00e9 mentale &#8211; <a href=\"http:\/\/www.santepsy.ch\">www.santepsy.ch<\/a><\/p>\n\n\n\n<p><strong>Pro Mente Sana<\/strong> &#8211; Association romande &#8211; Rue des Vollandes 40, 1207 Gen\u00e8ve &#8211; Conseil psycho-social: 0840 000 062 &#8211; Conseil juridique: 0840 000 061 &#8211; <a href=\"http:\/\/www.promentesana.org\">www.promentesana.org<\/a><\/p>\n\n\n\n<p><strong>Le Coll\u00e8ge de R\u00e9tablissement<\/strong> &#8211; Militantisme pour le droit au recouvrement\/r\u00e9tablissement des souffrants psychiques et formation aux pouvoirs d&rsquo;agir en sant\u00e9 mentale &#8211; <a href=\"http:\/\/www.santepsy.ch\">www.<\/a><a href=\"http:\/\/www.recoverycollege.ch\">recoverycollege<\/a><a href=\"http:\/\/www.santepsy.ch\">.ch<\/a> <\/p>\n\n\n\n<hr class=\"wp-block-separator\"\/>\n\n\n\n<p><strong>Ressources pour les associations: <\/strong><\/p>\n\n\n\n<p><strong>Info-Entraide Suisse &#8211; Centre Romand<\/strong> &#8211; c\/o Info-Entraide Suisse Antenne Neuch\u00e2tel &#8211; H\u00f4tel des associations &#8211; Bureau 112 &#8211; 1er \u00e9tage &#8211; Rue Louis Favre 1 &#8211; 2000 Neuch\u00e2tel &#8211; T\u00e9l:&nbsp;032 724 06 00 &#8211;<a> www.infoentraidesuisse.ch<\/a><\/p>\n\n\n\n<p><strong>B\u00e9n\u00e9volat-Vaud, centre de comp\u00e9tences pour la vie associative<\/strong> &#8211; Av. Ruchonnet 1 &#8211; 1003 Lausanne &#8211; T\u00e9l. 021 313 24 00 &#8211; <a href=\"http:\/\/www.benevolat-vaud.ch\">www.benevolat-vaud.ch<\/a><\/p>\n\n\n\n<hr class=\"wp-block-separator\"\/>\n\n\n\n<p>Nous remercions chaleureusement tous nos membres de soutien et les organismes qui nous subventionnent de mani\u00e8re r\u00e9guli\u00e8re ou ponctuelle.<\/p>\n\n\n\n<figure class=\"wp-block-image size-large\"><img loading=\"lazy\" decoding=\"async\" width=\"300\" height=\"61\" src=\"https:\/\/l-experience-association.ch\/wp-content\/uploads\/2021\/02\/ville-de-geneve-21-300x61-1.jpg?w=300\" alt=\"\" class=\"wp-image-135\"\/><\/figure>\n\n\n\n<hr class=\"wp-block-separator\"\/>\n\n\n\n<p>L&rsquo;Association l&rsquo;Exp\u00e9rience est membre de la CORAASP (Coordination Romande des Associations d&rsquo;Action pour la Sant\u00e9 Psychique)<\/p>\n\n\n\n<figure class=\"wp-block-image size-full\"><img loading=\"lazy\" decoding=\"async\" width=\"174\" height=\"75\" src=\"https:\/\/l-experience-association.ch\/wp-content\/uploads\/2021\/08\/logo.png\" alt=\"\" class=\"wp-image-489\"\/><\/figure>\n","protected":false},"excerpt":{"rendered":"<p>Les associations genevoises autog\u00e9r\u00e9es par des personnes vivant avec un trouble psychique : Association AETOC &#8211; Association d&rsquo;entraide des personnes souffrant de troubles obsessionnels compulsifs &#8211; Maison des Associations &#8211; Rue des Savoises 15, 1205 Gen\u00e8ve &#8211; T\u00e9l. 079 828 16 33 &#8211; www.aetoc.ch Association ATB&amp;D &#8211; Association de personnes ayant un trouble de l&rsquo;humeur, &hellip; <a href=\"https:\/\/l-experience-association.ch\/?page_id=103\" class=\"more-link\">Lire la suite <span class=\"screen-reader-text\">Partenaires et soutiens<\/span> <span class=\"meta-nav\">&rarr;<\/span><\/a><\/p>\n","protected":false},"author":2,"featured_media":0,"parent":0,"menu_order":0,"comment_status":"closed","ping_status":"closed","template":"","meta":{"footnotes":""},"class_list":["post-103","page","type-page","status-publish","hentry"],"jetpack_sharing_enabled":true,"_links":{"self":[{"href":"https:\/\/l-experience-association.ch\/index.php?rest_route=\/wp\/v2\/pages\/103","targetHints":{"allow":["GET"]}}],"collection":[{"href":"https:\/\/l-experience-association.ch\/index.php?rest_route=\/wp\/v2\/pages"}],"about":[{"href":"https:\/\/l-experience-association.ch\/index.php?rest_route=\/wp\/v2\/types\/page"}],"author":[{"embeddable":true,"href":"https:\/\/l-experience-association.ch\/index.php?rest_route=\/wp\/v2\/users\/2"}],"replies":[{"embeddable":true,"href":"https:\/\/l-experience-association.ch\/index.php?rest_route=%2Fwp%2Fv2%2Fcomments&post=103"}],"version-history":[{"count":15,"href":"https:\/\/l-experience-association.ch\/index.php?rest_route=\/wp\/v2\/pages\/103\/revisions"}],"predecessor-version":[{"id":526,"href":"https:\/\/l-experience-association.ch\/index.php?rest_route=\/wp\/v2\/pages\/103\/revisions\/526"}],"wp:attachment":[{"href":"https:\/\/l-experience-association.ch\/index.php?rest_route=%2Fwp%2Fv2%2Fmedia&parent=103"}],"curies":[{"name":"wp","href":"https:\/\/api.w.org\/{rel}","templated":true}]}}